{"id":18185,"date":"2021-10-22T11:19:28","date_gmt":"2021-10-22T08:19:28","guid":{"rendered":"https:\/\/filmdubbing-romania.com\/?page_id=18185"},"modified":"2021-12-20T19:16:06","modified_gmt":"2021-12-20T17:16:06","slug":"a-propos-de-nous","status":"publish","type":"page","link":"https:\/\/filmdubbing-romania.com\/fr\/a-propos-de-nous\/","title":{"rendered":"A propos de nous"},"content":{"rendered":"<p>[vc_row css_animation=&#8221;&#8221; row_type=&#8221;row&#8221; use_row_as_full_screen_section=&#8221;no&#8221; type=&#8221;full_width&#8221; anchor=&#8221;portfolio&#8221; angled_section=&#8221;no&#8221; text_align=&#8221;left&#8221; background_image_as_pattern=&#8221;without_pattern&#8221; background_color=&#8221;#ffffff&#8221; padding_top=&#8221;58&#8243; padding_bottom=&#8221;0&#8243; z_index=&#8221;&#8221; el_class=&#8221;home-section content-wrap&#8221;][vc_column width=&#8221;1\/12&#8243;][\/vc_column][vc_column width=&#8221;10\/12&#8243;][vc_separator type=&#8221;transparent&#8221; up=&#8221;70&#8243;][vc_row_inner row_type=&#8221;row&#8221; type=&#8221;full_width&#8221; text_align=&#8221;left&#8221; css_animation=&#8221;&#8221; el_class=&#8221;content&#8211;layout content&#8211;layout-2&#8243;][vc_column_inner width=&#8221;1\/2&#8243; offset=&#8221;vc_col-lg-6 vc_col-md-6 vc_col-xs-12&#8243;][vc_separator type=&#8221;transparent&#8221; up=&#8221;15&#8243; down=&#8221;0&#8243;][vc_single_image image=&#8221;17111&#8243; img_size=&#8221;full&#8221; alignment=&#8221;center&#8221; qode_css_animation=&#8221;element_from_left&#8221; transition_delay=&#8221;0.2&#8243;][vc_separator type=&#8221;transparent&#8221; up=&#8221;100&#8243; down=&#8221;0&#8243;][\/vc_column_inner][vc_column_inner el_class=&#8221;resizeable-text-container&#8221; width=&#8221;1\/2&#8243; offset=&#8221;vc_col-lg-6 vc_col-md-6 vc_col-xs-12&#8243;][vc_separator type=&#8221;transparent&#8221; up=&#8221;0&#8243; down=&#8221;8&#8243;][vc_column_text]<\/p>\n<h3 style=\"text-transform: uppercase; font-size: 25px;\">NOUS VISONS \u00c0 FA\u00c7ONNER LES MEILLEURS R\u00c9SULTATS, QUELLE QUE SOIT LA LANGUE.<\/h3>\n<p>DEPUIS 1993, nous avons construit notre histoire avec passion et pers\u00e9v\u00e9rance. Commen\u00e7ant comme une entreprise familiale, la premi\u00e8re installation d&#8217;environ 25 m\u00b2 a \u00e9t\u00e9 con\u00e7ue strictement pour l&#8217;enregistrement de voix et a \u00e9volu\u00e9 petit \u00e0 petit jusqu&#8217;\u00e0 l&#8217;installation actuelle de plus de 500 m\u00b2, qui comprend des suites audio et vid\u00e9o (y compris des cabines d&#8217;enregistrement de voix et une salle de mixage 5.1), devenant un studio de premier ordre en Roumanie, bas\u00e9 \u00e0 Bucarest.<\/p>\n<p>Nous sommes toujours \u00e0 l&#8217;aff\u00fbt des derni\u00e8res technologies, du meilleur mat\u00e9riel audio et des ressources les plus r\u00e9centes afin de rendre notre produit final encore meilleur, tout en diversifiant nos services. Aujourd&#8217;hui, nous offrons une large gamme de services, du doublage au sous-titrage et \u00e0 la voix-off, en travaillant avec plus de 300 professionnels ayant une grande exp\u00e9rience du doublage.<\/p>\n<p>Le d\u00e9sir de comprendre encore mieux l&#8217;audio et la vid\u00e9o nous a conduits \u00e0 un projet de recherche dans lequel nous sommes impliqu\u00e9s depuis deux ans et pour lequel nous avons re\u00e7u des fonds europ\u00e9ens pour le d\u00e9veloppement.<\/p>\n<p>Notre dernier projet est le d\u00e9veloppement d&#8217;une nouvelle capacit\u00e9 de studio ultramoderne qui accueillera 6 studios de doublage et une sc\u00e8ne de mixage Atmos, ainsi que d&#8217;autres espaces de travail, sur plus de 500 m\u00e8tres carr\u00e9s. Le tout \u00e9quip\u00e9 de certains des meilleurs outils du secteur.<\/p>\n<p>Nous avons l&#8217;intention de poursuivre cette aventure en termes de professionnalisme et de qualit\u00e9. Vous souhaitez nous rejoindre ?[\/vc_column_text][vc_separator type=&#8221;transparent&#8221; up=&#8221;35&#8243; down=&#8221;0&#8243;][\/vc_column_inner][\/vc_row_inner][\/vc_column][vc_column width=&#8221;1\/12&#8243;][\/vc_column][\/vc_row][vc_row css_animation=&#8221;&#8221; row_type=&#8221;row&#8221; use_row_as_full_screen_section=&#8221;no&#8221; type=&#8221;full_width&#8221; angled_section=&#8221;no&#8221; text_align=&#8221;left&#8221; background_image_as_pattern=&#8221;without_pattern&#8221; el_class=&#8221;home-section content-wrap&#8221; z_index=&#8221;&#8221;][vc_column width=&#8221;1\/4&#8243;][\/vc_column][vc_column width=&#8221;1\/2&#8243;][vc_video link=&#8221;https:\/\/www.youtube.com\/watch?v=VnvfRM22eIw&#8221; align=&#8221;center&#8221;][vc_separator type=&#8221;transparent&#8221; up=&#8221;10&#8243; down=&#8221;0&#8243;][vc_column_text]<\/p>\n<p style=\"text-align: center;\"><strong>Un remerciement sp\u00e9cial \u00e0 nos amis:\u00a0<\/strong><\/p>\n<p style=\"text-align: center;\">Alexandra Velniciuc, Ana-Maria B\u0103lescu, Bianca Purc\u0103rea, Radu B\u00e2nzaru, Cosmin \u0218ofron, Flaviu Cri\u0219an<\/p>\n<p>[\/vc_column_text][\/vc_column][vc_column width=&#8221;1\/4&#8243;][\/vc_column][\/vc_row][vc_row css_animation=&#8221;&#8221; row_type=&#8221;row&#8221; use_row_as_full_screen_section=&#8221;no&#8221; type=&#8221;grid&#8221; anchor=&#8221;about-theteam&#8221; angled_section=&#8221;no&#8221; text_align=&#8221;left&#8221; background_image_as_pattern=&#8221;without_pattern&#8221; padding_top=&#8221;58&#8243; padding_bottom=&#8221;0&#8243; z_index=&#8221;&#8221; el_class=&#8221;home-section content-wrap&#8221; el_id=&#8221;circle-grid&#8221;][vc_column][vc_separator type=&#8221;transparent&#8221; up=&#8221;40&#8243; el_id=&#8221;meet-the-team&#8221;][vc_column_text]<\/p>\n<h2 style=\"text-align: center; text-transform: uppercase;\">RENCONTREZ L&#8217;\u00c9QUIPE<\/h2>\n<p>[\/vc_column_text][vc_separator type=&#8221;transparent&#8221; up=&#8221;20&#8243; down=&#8221;40&#8243;][vc_row_inner row_type=&#8221;row&#8221; type=&#8221;full_width&#8221; text_align=&#8221;left&#8221; css_animation=&#8221;&#8221; el_class=&#8221;content&#8211;layout content&#8211;layout-2&#8243;][vc_column_inner width=&#8221;1\/3&#8243;]<div class='q_team'><div class='q_team_inner'><div class='q_team_image'><img itemprop='image' src='https:\/\/filmdubbing-romania.com\/wp-content\/uploads\/2019\/10\/IOANA_.gif' alt='IOANA_' \/><\/div><div class='q_team_text' ><div class='q_team_text_inner'><div class='q_team_title_holder'><h3 class='q_team_name' style = ''>Ioana<\/h3><span style = 'color: #ffffff;'>Partner\/ Strategist<\/span><\/div><\/div><div class='q_team_social_holder'><\/div><\/div><\/div><\/div><div class='q_team'><div class='q_team_inner'><div class='q_team_image'><img itemprop='image' src='https:\/\/filmdubbing-romania.com\/wp-content\/uploads\/2021\/10\/florin-romascu.jpg' alt='florin-romascu' \/><\/div><div class='q_team_text' ><div class='q_team_text_inner'><div class='q_team_title_holder'><h3 class='q_team_name' style = ''>Florin<\/h3><span style = 'color: #ffffff;'>Localization Services<\/span><\/div><\/div><div class='q_team_social_holder'><\/div><\/div><\/div><\/div><div class='q_team'><div class='q_team_inner'><div class='q_team_image'><img itemprop='image' src='https:\/\/filmdubbing-romania.com\/wp-content\/uploads\/2018\/11\/Nede_500px.gif' alt='Nede_500px' \/><\/div><div class='q_team_text' ><div class='q_team_text_inner'><div class='q_team_title_holder'><h3 class='q_team_name' style = ''>Florin<\/h3><span style = 'color: #ffffff;'>Video Editor\/ VFX<\/span><\/div><\/div><div class='q_team_social_holder'><\/div><\/div><\/div><\/div><div class='q_team'><div class='q_team_inner'><div class='q_team_image'><img itemprop='image' src='https:\/\/filmdubbing-romania.com\/wp-content\/uploads\/2019\/10\/ROX_.gif' alt='ROX_' \/><\/div><div class='q_team_text' ><div class='q_team_text_inner'><div class='q_team_title_holder'><h3 class='q_team_name' style = ''>Roxana<\/h3><span style = 'color: #ffffff;'>Video Editor<\/span><\/div><\/div><div class='q_team_social_holder'><\/div><\/div><\/div><\/div><div class='q_team'><div class='q_team_inner'><div class='q_team_image'><img itemprop='image' src='https:\/\/filmdubbing-romania.com\/wp-content\/uploads\/2021\/07\/Oana-Popescu.gif' alt='Oana Popescu' \/><\/div><div class='q_team_text' ><div class='q_team_text_inner'><div class='q_team_title_holder'><h3 class='q_team_name' style = ''>Oana<\/h3><span style = 'color: #ffffff;'>Account Director<\/span><\/div><\/div><div class='q_team_social_holder'><\/div><\/div><\/div><\/div>[vc_separator type=&#8221;transparent&#8221; up=&#8221;60&#8243; down=&#8221;0&#8243;][\/vc_column_inner][vc_column_inner width=&#8221;1\/3&#8243;]<div class='q_team'><div class='q_team_inner'><div class='q_team_image'><img itemprop='image' src='https:\/\/filmdubbing-romania.com\/wp-content\/uploads\/2018\/11\/Oli_500px.gif' alt='Oli_500px' \/><\/div><div class='q_team_text' ><div class='q_team_text_inner'><div class='q_team_title_holder'><h3 class='q_team_name' style = ''>Oliver<\/h3><span style = 'color: #ffffff;'>Partner \/ General Manager<\/span><\/div><\/div><div class='q_team_social_holder'><\/div><\/div><\/div><\/div><div class='q_team'><div class='q_team_inner'><div class='q_team_image'><img itemprop='image' src='https:\/\/filmdubbing-romania.com\/wp-content\/uploads\/2018\/11\/Alex_500px.gif' alt='Alex_500px' \/><\/div><div class='q_team_text' ><div class='q_team_text_inner'><div class='q_team_title_holder'><h3 class='q_team_name' style = ''>Alex<\/h3><span style = 'color: #ffffff;'>Video Editor\/ VFX<\/span><\/div><\/div><div class='q_team_social_holder'><\/div><\/div><\/div><\/div><div class='q_team'><div class='q_team_inner'><div class='q_team_image'><img itemprop='image' src='https:\/\/filmdubbing-romania.com\/wp-content\/uploads\/2018\/11\/Vuturas_500px.gif' alt='Vuturas_500px' \/><\/div><div class='q_team_text' ><div class='q_team_text_inner'><div class='q_team_title_holder'><h3 class='q_team_name' style = ''>Mircea<\/h3><span style = 'color: #ffffff;'>Audio Editor<\/span><\/div><\/div><div class='q_team_social_holder'><\/div><\/div><\/div><\/div><div class='q_team'><div class='q_team_inner'><div class='q_team_image'><img itemprop='image' src='https:\/\/filmdubbing-romania.com\/wp-content\/uploads\/2019\/10\/ANDRADA_.gif' alt='ANDRADA_' \/><\/div><div class='q_team_text' ><div class='q_team_text_inner'><div class='q_team_title_holder'><h3 class='q_team_name' style = ''>Andrada<\/h3><span style = 'color: #ffffff;'>Video Editor<\/span><\/div><\/div><div class='q_team_social_holder'><\/div><\/div><\/div><\/div><div class='q_team'><div class='q_team_inner'><div class='q_team_image'><img itemprop='image' src='https:\/\/filmdubbing-romania.com\/wp-content\/uploads\/2021\/07\/Cosmin-Motea.gif' alt='Cosmin Motea' \/><\/div><div class='q_team_text' ><div class='q_team_text_inner'><div class='q_team_title_holder'><h3 class='q_team_name' style = ''>Cosmin<\/h3><span style = 'color: #ffffff;'>A\/V Producer<\/span><\/div><\/div><div class='q_team_social_holder'><\/div><\/div><\/div><\/div>[vc_separator type=&#8221;transparent&#8221; up=&#8221;60&#8243; down=&#8221;0&#8243;][\/vc_column_inner][vc_column_inner width=&#8221;1\/3&#8243;]<div class='q_team'><div class='q_team_inner'><div class='q_team_image'><img itemprop='image' src='https:\/\/filmdubbing-romania.com\/wp-content\/uploads\/2018\/11\/Elena_500px.gif' alt='Elena_500px' \/><\/div><div class='q_team_text' ><div class='q_team_text_inner'><div class='q_team_title_holder'><h3 class='q_team_name' style = ''>Elena<\/h3><span style = 'color: #ffffff;'>A\/V Producer<\/span><\/div><\/div><div class='q_team_social_holder'><\/div><\/div><\/div><\/div><div class='q_team'><div class='q_team_inner'><div class='q_team_image'><img itemprop='image' src='https:\/\/filmdubbing-romania.com\/wp-content\/uploads\/2018\/11\/Vadim_500px.gif' alt='Vadim_500px' \/><\/div><div class='q_team_text' ><div class='q_team_text_inner'><div class='q_team_title_holder'><h3 class='q_team_name' style = ''>Vadim<\/h3><span style = 'color: #ffffff;'>Audio Engineer\/Consultant<\/span><\/div><\/div><div class='q_team_social_holder'><\/div><\/div><\/div><\/div><div class='q_team'><div class='q_team_inner'><div class='q_team_image'><img itemprop='image' src='https:\/\/filmdubbing-romania.com\/wp-content\/uploads\/2019\/10\/ANCA_.gif' alt='ANCA_' \/><\/div><div class='q_team_text' ><div class='q_team_text_inner'><div class='q_team_title_holder'><h3 class='q_team_name' style = ''>Anca<\/h3><span style = 'color: #ffffff;'>Office Manager<\/span><\/div><\/div><div class='q_team_social_holder'><\/div><\/div><\/div><\/div><div class='q_team'><div class='q_team_inner'><div class='q_team_image'><img itemprop='image' src='https:\/\/filmdubbing-romania.com\/wp-content\/uploads\/2021\/07\/Oana-Ioan.gif' alt='Oana Ioan' \/><\/div><div class='q_team_text' ><div class='q_team_text_inner'><div class='q_team_title_holder'><h3 class='q_team_name' style = ''>Oana<\/h3><span style = 'color: #ffffff;'>A\/V Producer<\/span><\/div><\/div><div class='q_team_social_holder'><\/div><\/div><\/div><\/div><div class='q_team'><div class='q_team_inner'><div class='q_team_image'><img itemprop='image' src='https:\/\/filmdubbing-romania.com\/wp-content\/uploads\/2019\/10\/DEX_.gif' alt='DEX_' \/><\/div><div class='q_team_text' ><div class='q_team_text_inner'><div class='q_team_title_holder'><h3 class='q_team_name' style = ''>Dexter<\/h3><span style = 'color: #ffffff;'>IT Support<\/span><\/div><\/div><div class='q_team_social_holder'><\/div><\/div><\/div><\/div>[vc_separator type=&#8221;transparent&#8221; up=&#8221;60&#8243; down=&#8221;0&#8243;][\/vc_column_inner][\/vc_row_inner][\/vc_column][\/vc_row]<\/p>\n","protected":false},"excerpt":{"rendered":"<p>[vc_row css_animation=&#8221;&#8221; row_type=&#8221;row&#8221; use_row_as_full_screen_section=&#8221;no&#8221; type=&#8221;full_width&#8221; anchor=&#8221;portfolio&#8221; angled_section=&#8221;no&#8221; text_align=&#8221;left&#8221; background_image_as_pattern=&#8221;without_pattern&#8221; background_color=&#8221;#ffffff&#8221; padding_top=&#8221;58&#8243; padding_bottom=&#8221;0&#8243; z_index=&#8221;&#8221; el_class=&#8221;home-section content-wrap&#8221;][vc_column width=&#8221;1\/12&#8243;][\/vc_column][vc_column width=&#8221;10\/12&#8243;][vc_separator type=&#8221;transparent&#8221; up=&#8221;70&#8243;][vc_row_inner row_type=&#8221;row&#8221; type=&#8221;full_width&#8221; text_align=&#8221;left&#8221; css_animation=&#8221;&#8221; el_class=&#8221;content&#8211;layout content&#8211;layout-2&#8243;][vc_column_inner width=&#8221;1\/2&#8243; offset=&#8221;vc_col-lg-6 vc_col-md-6 vc_col-xs-12&#8243;][vc_separator type=&#8221;transparent&#8221; up=&#8221;15&#8243; down=&#8221;0&#8243;][vc_single_image image=&#8221;17111&#8243; img_size=&#8221;full&#8221; alignment=&#8221;center&#8221; qode_css_animation=&#8221;element_from_left&#8221; transition_delay=&#8221;0.2&#8243;][vc_separator type=&#8221;transparent&#8221; up=&#8221;100&#8243; down=&#8221;0&#8243;][\/vc_column_inner][vc_column_inner el_class=&#8221;resizeable-text-container&#8221; width=&#8221;1\/2&#8243; offset=&#8221;vc_col-lg-6 vc_col-md-6 vc_col-xs-12&#8243;][vc_separator&#8230;<\/p>\n","protected":false},"author":1,"featured_media":0,"parent":0,"menu_order":0,"comment_status":"closed","ping_status":"closed","template":"full_width.php","meta":{"footnotes":""},"class_list":["post-18185","page","type-page","status-publish","hentry"],"yoast_head":"<!-- This site is optimized with the Yoast SEO plugin v27.5 - https:\/\/yoast.com\/product\/yoast-seo-wordpress\/ -->\n<title>A propos de nous - FilmDubbing Romania<\/title>\n<meta name=\"robots\" content=\"index, follow, max-snippet:-1, max-image-preview:large, max-video-preview:-1\" \/>\n<link rel=\"canonical\" href=\"https:\/\/filmdubbing-romania.com\/fr\/a-propos-de-nous\/\" \/>\n<meta property=\"og:locale\" content=\"fr_FR\" \/>\n<meta property=\"og:type\" content=\"article\" \/>\n<meta property=\"og:title\" content=\"A propos de nous - FilmDubbing Romania\" \/>\n<meta property=\"og:description\" content=\"[vc_row css_animation=&#8221;&#8221; row_type=&#8221;row&#8221; use_row_as_full_screen_section=&#8221;no&#8221; type=&#8221;full_width&#8221; anchor=&#8221;portfolio&#8221; angled_section=&#8221;no&#8221; text_align=&#8221;left&#8221; background_image_as_pattern=&#8221;without_pattern&#8221; background_color=&#8221;#ffffff&#8221; padding_top=&#8221;58&#8243; padding_bottom=&#8221;0&#8243; z_index=&#8221;&#8221; el_class=&#8221;home-section content-wrap&#8221;][vc_column width=&#8221;1\/12&#8243;][\/vc_column][vc_column width=&#8221;10\/12&#8243;][vc_separator type=&#8221;transparent&#8221; up=&#8221;70&#8243;][vc_row_inner row_type=&#8221;row&#8221; type=&#8221;full_width&#8221; text_align=&#8221;left&#8221; css_animation=&#8221;&#8221; el_class=&#8221;content&#8211;layout content&#8211;layout-2&#8243;][vc_column_inner width=&#8221;1\/2&#8243; offset=&#8221;vc_col-lg-6 vc_col-md-6 vc_col-xs-12&#8243;][vc_separator type=&#8221;transparent&#8221; up=&#8221;15&#8243; down=&#8221;0&#8243;][vc_single_image image=&#8221;17111&#8243; img_size=&#8221;full&#8221; alignment=&#8221;center&#8221; qode_css_animation=&#8221;element_from_left&#8221; transition_delay=&#8221;0.2&#8243;][vc_separator type=&#8221;transparent&#8221; up=&#8221;100&#8243; down=&#8221;0&#8243;][\/vc_column_inner][vc_column_inner el_class=&#8221;resizeable-text-container&#8221; width=&#8221;1\/2&#8243; offset=&#8221;vc_col-lg-6 vc_col-md-6 vc_col-xs-12&#8243;][vc_separator...\" \/>\n<meta property=\"og:url\" content=\"https:\/\/filmdubbing-romania.com\/fr\/a-propos-de-nous\/\" \/>\n<meta property=\"og:site_name\" content=\"FilmDubbing Romania\" \/>\n<meta property=\"article:modified_time\" content=\"2021-12-20T17:16:06+00:00\" \/>\n<meta name=\"twitter:card\" content=\"summary_large_image\" \/>\n<meta name=\"twitter:label1\" content=\"Dur\u00e9e de lecture estim\u00e9e\" \/>\n\t<meta name=\"twitter:data1\" content=\"3 minutes\" \/>\n<script type=\"application\/ld+json\" class=\"yoast-schema-graph\">{\"@context\":\"https:\\\/\\\/schema.org\",\"@graph\":[{\"@type\":\"WebPage\",\"@id\":\"https:\\\/\\\/filmdubbing-romania.com\\\/fr\\\/a-propos-de-nous\\\/\",\"url\":\"https:\\\/\\\/filmdubbing-romania.com\\\/fr\\\/a-propos-de-nous\\\/\",\"name\":\"A propos de nous - FilmDubbing Romania\",\"isPartOf\":{\"@id\":\"https:\\\/\\\/filmdubbing-romania.com\\\/#website\"},\"datePublished\":\"2021-10-22T08:19:28+00:00\",\"dateModified\":\"2021-12-20T17:16:06+00:00\",\"breadcrumb\":{\"@id\":\"https:\\\/\\\/filmdubbing-romania.com\\\/fr\\\/a-propos-de-nous\\\/#breadcrumb\"},\"inLanguage\":\"fr-FR\",\"potentialAction\":[{\"@type\":\"ReadAction\",\"target\":[\"https:\\\/\\\/filmdubbing-romania.com\\\/fr\\\/a-propos-de-nous\\\/\"]}]},{\"@type\":\"BreadcrumbList\",\"@id\":\"https:\\\/\\\/filmdubbing-romania.com\\\/fr\\\/a-propos-de-nous\\\/#breadcrumb\",\"itemListElement\":[{\"@type\":\"ListItem\",\"position\":1,\"name\":\"Home\",\"item\":\"https:\\\/\\\/filmdubbing-romania.com\\\/fr\\\/\"},{\"@type\":\"ListItem\",\"position\":2,\"name\":\"A propos de nous\"}]},{\"@type\":\"WebSite\",\"@id\":\"https:\\\/\\\/filmdubbing-romania.com\\\/#website\",\"url\":\"https:\\\/\\\/filmdubbing-romania.com\\\/\",\"name\":\"FilmDubbing Romania\",\"description\":\"\",\"potentialAction\":[{\"@type\":\"SearchAction\",\"target\":{\"@type\":\"EntryPoint\",\"urlTemplate\":\"https:\\\/\\\/filmdubbing-romania.com\\\/?s={search_term_string}\"},\"query-input\":{\"@type\":\"PropertyValueSpecification\",\"valueRequired\":true,\"valueName\":\"search_term_string\"}}],\"inLanguage\":\"fr-FR\"}]}<\/script>\n<!-- \/ Yoast SEO plugin. -->","yoast_head_json":{"title":"A propos de nous - FilmDubbing Romania","robots":{"index":"index","follow":"follow","max-snippet":"max-snippet:-1","max-image-preview":"max-image-preview:large","max-video-preview":"max-video-preview:-1"},"canonical":"https:\/\/filmdubbing-romania.com\/fr\/a-propos-de-nous\/","og_locale":"fr_FR","og_type":"article","og_title":"A propos de nous - FilmDubbing Romania","og_description":"[vc_row css_animation=&#8221;&#8221; row_type=&#8221;row&#8221; use_row_as_full_screen_section=&#8221;no&#8221; type=&#8221;full_width&#8221; anchor=&#8221;portfolio&#8221; angled_section=&#8221;no&#8221; text_align=&#8221;left&#8221; background_image_as_pattern=&#8221;without_pattern&#8221; background_color=&#8221;#ffffff&#8221; padding_top=&#8221;58&#8243; padding_bottom=&#8221;0&#8243; z_index=&#8221;&#8221; el_class=&#8221;home-section content-wrap&#8221;][vc_column width=&#8221;1\/12&#8243;][\/vc_column][vc_column width=&#8221;10\/12&#8243;][vc_separator type=&#8221;transparent&#8221; up=&#8221;70&#8243;][vc_row_inner row_type=&#8221;row&#8221; type=&#8221;full_width&#8221; text_align=&#8221;left&#8221; css_animation=&#8221;&#8221; el_class=&#8221;content&#8211;layout content&#8211;layout-2&#8243;][vc_column_inner width=&#8221;1\/2&#8243; offset=&#8221;vc_col-lg-6 vc_col-md-6 vc_col-xs-12&#8243;][vc_separator type=&#8221;transparent&#8221; up=&#8221;15&#8243; down=&#8221;0&#8243;][vc_single_image image=&#8221;17111&#8243; img_size=&#8221;full&#8221; alignment=&#8221;center&#8221; qode_css_animation=&#8221;element_from_left&#8221; transition_delay=&#8221;0.2&#8243;][vc_separator type=&#8221;transparent&#8221; up=&#8221;100&#8243; down=&#8221;0&#8243;][\/vc_column_inner][vc_column_inner el_class=&#8221;resizeable-text-container&#8221; width=&#8221;1\/2&#8243; offset=&#8221;vc_col-lg-6 vc_col-md-6 vc_col-xs-12&#8243;][vc_separator...","og_url":"https:\/\/filmdubbing-romania.com\/fr\/a-propos-de-nous\/","og_site_name":"FilmDubbing Romania","article_modified_time":"2021-12-20T17:16:06+00:00","twitter_card":"summary_large_image","twitter_misc":{"Dur\u00e9e de lecture estim\u00e9e":"3 minutes"},"schema":{"@context":"https:\/\/schema.org","@graph":[{"@type":"WebPage","@id":"https:\/\/filmdubbing-romania.com\/fr\/a-propos-de-nous\/","url":"https:\/\/filmdubbing-romania.com\/fr\/a-propos-de-nous\/","name":"A propos de nous - FilmDubbing Romania","isPartOf":{"@id":"https:\/\/filmdubbing-romania.com\/#website"},"datePublished":"2021-10-22T08:19:28+00:00","dateModified":"2021-12-20T17:16:06+00:00","breadcrumb":{"@id":"https:\/\/filmdubbing-romania.com\/fr\/a-propos-de-nous\/#breadcrumb"},"inLanguage":"fr-FR","potentialAction":[{"@type":"ReadAction","target":["https:\/\/filmdubbing-romania.com\/fr\/a-propos-de-nous\/"]}]},{"@type":"BreadcrumbList","@id":"https:\/\/filmdubbing-romania.com\/fr\/a-propos-de-nous\/#breadcrumb","itemListElement":[{"@type":"ListItem","position":1,"name":"Home","item":"https:\/\/filmdubbing-romania.com\/fr\/"},{"@type":"ListItem","position":2,"name":"A propos de nous"}]},{"@type":"WebSite","@id":"https:\/\/filmdubbing-romania.com\/#website","url":"https:\/\/filmdubbing-romania.com\/","name":"FilmDubbing Romania","description":"","potentialAction":[{"@type":"SearchAction","target":{"@type":"EntryPoint","urlTemplate":"https:\/\/filmdubbing-romania.com\/?s={search_term_string}"},"query-input":{"@type":"PropertyValueSpecification","valueRequired":true,"valueName":"search_term_string"}}],"inLanguage":"fr-FR"}]}},"_links":{"self":[{"href":"https:\/\/filmdubbing-romania.com\/fr\/wp-json\/wp\/v2\/pages\/18185","targetHints":{"allow":["GET"]}}],"collection":[{"href":"https:\/\/filmdubbing-romania.com\/fr\/wp-json\/wp\/v2\/pages"}],"about":[{"href":"https:\/\/filmdubbing-romania.com\/fr\/wp-json\/wp\/v2\/types\/page"}],"author":[{"embeddable":true,"href":"https:\/\/filmdubbing-romania.com\/fr\/wp-json\/wp\/v2\/users\/1"}],"replies":[{"embeddable":true,"href":"https:\/\/filmdubbing-romania.com\/fr\/wp-json\/wp\/v2\/comments?post=18185"}],"version-history":[{"count":6,"href":"https:\/\/filmdubbing-romania.com\/fr\/wp-json\/wp\/v2\/pages\/18185\/revisions"}],"predecessor-version":[{"id":18321,"href":"https:\/\/filmdubbing-romania.com\/fr\/wp-json\/wp\/v2\/pages\/18185\/revisions\/18321"}],"wp:attachment":[{"href":"https:\/\/filmdubbing-romania.com\/fr\/wp-json\/wp\/v2\/media?parent=18185"}],"curies":[{"name":"wp","href":"https:\/\/api.w.org\/{rel}","templated":true}]}}